{"id":519,"date":"2021-02-03T11:33:24","date_gmt":"2021-02-03T11:33:24","guid":{"rendered":"https:\/\/www.virvig.eu\/ceig2021\/?page_id=519"},"modified":"2021-09-08T10:21:07","modified_gmt":"2021-09-08T10:21:07","slug":"programa","status":"publish","type":"page","link":"https:\/\/www.virvig.eu\/ceig2021\/index.php\/programa\/","title":{"rendered":"Programa"},"content":{"rendered":"\n<p>Las sesiones de ponencias combinan art\u00edculos largos del CEIG 2019 con presentaciones de otros trabajos, p.ej. art\u00edculos publicados en congresos o revistas de relevancia.<\/p>\n\n\n\n<figure class=\"wp-block-image size-large\"><img loading=\"lazy\" width=\"1024\" height=\"696\" src=\"https:\/\/www.virvig.eu\/ceig2021\/wp-content\/uploads\/2021\/07\/Programa-1024x696.png\" alt=\"\" class=\"wp-image-936\" srcset=\"https:\/\/www.virvig.eu\/ceig2021\/wp-content\/uploads\/2021\/07\/Programa-1024x696.png 1024w, https:\/\/www.virvig.eu\/ceig2021\/wp-content\/uploads\/2021\/07\/Programa-300x204.png 300w, https:\/\/www.virvig.eu\/ceig2021\/wp-content\/uploads\/2021\/07\/Programa-768x522.png 768w, https:\/\/www.virvig.eu\/ceig2021\/wp-content\/uploads\/2021\/07\/Programa.png 1186w\" sizes=\"(max-width: 706px) 89vw, (max-width: 767px) 82vw, 740px\" \/><\/figure>\n\n\n\n<p><strong>Sesi\u00f3n 1 <\/strong>&#8212;<strong> 22\/09\/21 12:00-13:30 &#8212; Virtual Reality and Rendering<\/strong><br><strong>Chair: Roberto Jim\u00e9nez<\/strong><\/p>\n\n\n\n<p>&#8220;Information-Theoretic Clustered Geometry for Interpolated Ray-casting&#8221; (Ponencia CEIG)<br>F. Gonzalez,I. Martin, G. Patow<\/p>\n\n\n\n<p>&#8220;Auditory stimuli degrade visual performance in virtual reality&#8221; (Ya publicado)<br>Sandra Malpica, Ana Serrano, Diego Gutierrez, Belen Masia<\/p>\n\n\n\n<p>&#8220;Optimal SampleWeights for Hemispherical Integral Quadratures&#8221; (Ya publicado)<br>Ricardo Marques<\/p>\n\n\n\n<p>&#8220;Imperceptible manipulation of lateral camera motion for improved virtual reality applications&#8221; (Ya publicado)<br>Ana Serrano, Daniel Martin, Diego Gutierrez, Karol Myszkowski, Belen Masia<\/p>\n\n\n\n<p><strong>Sesi\u00f3n 2 &#8212; 23\/09\/21 12:00-13:30 &#8212; Capture techniques and Pathfinding<\/strong><br><strong>Chair: Diego Guti\u00e9rrez<\/strong><\/p>\n\n\n\n<p>&#8220;An Efficient Method for Acquisition of Spectral BRDF Materials in Real-world Scenarios&#8221; (Ponencia CEIG)<br>Juan M. Jurado, Juan R. Jim\u00e9nez, Lu\u00eds P\u00e1dua, Francisco R. Feito, Joaquim J. Sousa<\/p>\n\n\n\n<p>&#8220;Synthetic data set generation for the evaluation of image acquisition strategies applied to deep learning based industrial component inspection systems&#8221; (Ponencia CEIG)<br>F. A. Saiz, G. Alfaro, I. Barandiaran, S. Garcia, M. P. Carretero, M. Gra\u00f1a<\/p>\n\n\n\n<p>&#8220;Towards a human-like approach to Path Finding&#8221; (Ponencia CEIG)<br>Vahid Rahmani, Nuria Pelechano<\/p>\n\n\n\n<p>&#8220;Neural Colorization of Laser Scans&#8221; (Ponencia CEIG)<br>Marc Comino Trinidad, Carlos Andujar, Carles Bosch, Antonio Chica, Imanol Mu\u00f1oz Pandiella<\/p>\n\n\n\n<p><strong>Sesi\u00f3n 3 &#8212; 24\/09\/21 10:00-11:30 &#8212; Modeling &amp; Buildings<\/strong><br><strong>Chair: Nuria Pelechano<\/strong><\/p>\n\n\n\n<p>&#8220;An efficient GPU approach for designing 3D cultural heritage information systems&#8221; (Ya publicado)<br>Luis L\u00f3pez, Juan Carlos Torres, Germ\u00e1n Arroyo, Pedro Cano, Domingo Mart\u00edn<\/p>\n\n\n\n<p>&#8220;Shrinking city layouts&#8221; (Ya publicado)<br>Oriol Pueyo, Albert Sabri\u00e0, Xavier Pueyo, Gustavo Patow, Michael Wimmer<\/p>\n\n\n\n<p>&#8220;Modelling Material Microstructure Using the Perlin Noise Function&#8221; (Ya publicado)<br>Francisco Conde-Rodr\u00edguez, \u00c1ngel Luis Garc\u00eda-Fern\u00e1ndez, Juan Carlos Torres<\/p>\n\n\n\n<p>&#8220;Simulating the Evolution of Ancient Fortified Cities&#8221; (Ya publicado)<br>Albert Mas, Ignacio Mart\u00edn, Gustavo A. Patow<\/p>\n\n\n\n<p><strong>Sesi\u00f3n 4 &#8212; 24\/09\/21 12:00-13:30 &#8212; Physical simulation<\/strong><br><strong>Chair: Toni Sus\u00edn<\/strong><\/p>\n\n\n\n<p>&#8220;Development of pressure boundaries for fluids in virtual surgery&#8221; (TFM premiado)<br>Alba Peris, Laura Raya Gonz\u00e1lez<\/p>\n\n\n\n<p>&#8220;Self-Supervised Collision Handling via Generative 3D Garment Models for Virtual Try-On&#8221; (Ya publicado)<br>Igor Santesteban, Nils Thuerey, Miguel A. Otaduy, Dan Casas<\/p>\n\n\n\n<p>&#8220;Learning Contact Corrections for Handle-Based Subspace Dynamics&#8221; (Ya publicado)<br>Cristian Romero, Dan Casas, Jes\u00fas P\u00e9rez, Miguel Otaduy<\/p>\n\n\n\n<p>&#8220;Robust Eulerian-On-Lagrangian Rods&#8221; (Ya publicado)<br>Rosa M. S\u00e1nchez-Banderas, Alejandro Rodr\u00edguez, Hector Barreiro, Miguel A. Otaduy<\/p>\n\n\n\n<p><strong>Trabajos cortos &#8212; 22\/09\/21 15:00 &#8211; 16:30<\/strong><br><strong>Chair: Francisco R. Feito<\/strong><\/p>\n\n\n\n<p>&#8220;Intensity-Guided Exposure Correction for LiDAR Scans&#8221;<br>Marc Comino Trinidad, Carlos And\u00fajar, Carles Bosch, Antoni Chica and Imanol Munoz-Pandiella<\/p>\n\n\n\n<p>&#8220;ISSIGraph: An open source multi-platform C++ tool for rapid 2D\/3D wireframe sketching&#8221;<br>Carlos Jim\u00e9nez de Parga<\/p>\n\n\n\n<p>&#8220;Material Point Method (MPM) application to object deformation&#8221; (TFG premiado)<br>Pol Mart\u00edn, Toni Sus\u00edn<\/p>\n\n\n\n<p>&#8220;Aplicaci\u00f3n del motor de videojuegos Unity para la reconstrucci\u00f3n virtual de yacimientos arqueol\u00f3gicos&#8221;<br>Alberto Calzado-Mart\u00ednez, \u00c1ngel Luis Garc\u00eda Fern\u00e1ndez and Lidia M. Ortega-Alvarado<\/p>\n\n\n\n<p>&#8220;A GPU-accelerated LiDAR sensor for generating labelled datasets&#8221;<br>Alfonso L\u00f3pez Ruiz, Carlos Javier Ogayar Anguita and Francisco Ram\u00f3n Feito Higueruela<\/p>\n\n\n\n<p>&#8220;Generaci\u00f3n de fen\u00f3menos naturales mediante la simulaci\u00f3n realista de s\u00f3lidos deformables en Bifrost&#8221;<br>Jos\u00e9 Cruz, Juan Manuel Jurado, Roberto Jim\u00e9nez and Lidia Ortega<\/p>\n\n\n\n<p>&#8220;Generation Process of Intrinsic Images Dataset through physically-based rendering&#8221;<br>Ignacio Moral, Alfonso L\u00f3pez, Juan M. Jurado, Roberto Jim\u00e9nez, Francisco R. Feito and Lidia Ortega<\/p>\n\n\n\n<p>&#8220;Digital Layered Models of Architecture and Mural Paintings over Time&#8221;<br>Milagros Guardia, Paola Pogliani, Giulia Bordi, Panayiotis Charalambous, Carlos Andujar, Imanol Munoz-Pandiella and Xavier Pueyo<\/p>\n\n\n\n<p>&#8220;Comparison of GPU-based methods for handling point cloud occlusion&#8221;<br>Alfonso L\u00f3pez Ruiz, Juan Manuel Jurado Rodr\u00edguez, Emilio Jos\u00e9 Padr\u00f3n Gonz\u00e1lez, Carlos Javier Ogayar Anguita and Francisco Ram\u00f3n Feito Higueruela<\/p>\n","protected":false},"excerpt":{"rendered":"<p>Las sesiones de ponencias combinan art\u00edculos largos del CEIG 2019 con presentaciones de otros trabajos, p.ej. art\u00edculos publicados en congresos o revistas de relevancia. Sesi\u00f3n 1 &#8212; 22\/09\/21 12:00-13:30 &#8212; Virtual Reality and RenderingChair: Roberto Jim\u00e9nez &#8220;Information-Theoretic Clustered Geometry for Interpolated Ray-casting&#8221; (Ponencia CEIG)F. Gonzalez,I. Martin, G. Patow &#8220;Auditory stimuli degrade visual performance in virtual &hellip; <\/p>\n<p class=\"link-more\"><a href=\"https:\/\/www.virvig.eu\/ceig2021\/index.php\/programa\/\" class=\"more-link\">Continue reading<span class=\"screen-reader-text\"> &#8220;Programa&#8221;<\/span><\/a><\/p>\n","protected":false},"author":3,"featured_media":0,"parent":0,"menu_order":0,"comment_status":"closed","ping_status":"closed","template":"","meta":[],"_links":{"self":[{"href":"https:\/\/www.virvig.eu\/ceig2021\/index.php\/wp-json\/wp\/v2\/pages\/519"}],"collection":[{"href":"https:\/\/www.virvig.eu\/ceig2021\/index.php\/wp-json\/wp\/v2\/pages"}],"about":[{"href":"https:\/\/www.virvig.eu\/ceig2021\/index.php\/wp-json\/wp\/v2\/types\/page"}],"author":[{"embeddable":true,"href":"https:\/\/www.virvig.eu\/ceig2021\/index.php\/wp-json\/wp\/v2\/users\/3"}],"replies":[{"embeddable":true,"href":"https:\/\/www.virvig.eu\/ceig2021\/index.php\/wp-json\/wp\/v2\/comments?post=519"}],"version-history":[{"count":8,"href":"https:\/\/www.virvig.eu\/ceig2021\/index.php\/wp-json\/wp\/v2\/pages\/519\/revisions"}],"predecessor-version":[{"id":980,"href":"https:\/\/www.virvig.eu\/ceig2021\/index.php\/wp-json\/wp\/v2\/pages\/519\/revisions\/980"}],"wp:attachment":[{"href":"https:\/\/www.virvig.eu\/ceig2021\/index.php\/wp-json\/wp\/v2\/media?parent=519"}],"curies":[{"name":"wp","href":"https:\/\/api.w.org\/{rel}","templated":true}]}}